{"id":101,"date":"2023-04-12T14:55:23","date_gmt":"2023-04-12T14:55:23","guid":{"rendered":"https:\/\/amnascensori.com\/?page_id=101"},"modified":"2023-05-17T08:35:49","modified_gmt":"2023-05-17T08:35:49","slug":"prodotti","status":"publish","type":"page","link":"https:\/\/amnascensori.com\/index.php\/prodotti\/","title":{"rendered":"Prodotti"},"content":{"rendered":"\n<div style=\"height:100px\" aria-hidden=\"true\" class=\"wp-block-spacer\"><\/div>\n\n\n\n<p class=\"has-text-align-center\">A.M.N. propone impianti sempre al passo con i tempi puntando sull&#8217;innovazione tecnologica che ci permette di rendere sempre pi\u00f9 efficienti i nostri impianti, eco-sostenibili e a basso consumo energetico. Tutti i nostri impianti sono personalizzabili e adattabili alle esigenze dei nostri clienti, sia a livello estetico che strutturale in modo da soddisfare non solo esigenze delle nuove costruzioni ma anche sulle ristrutturazioni.  A.M.N. propone ai propri clienti materiali all&#8217;avanguardia e di alta qualit\u00e0, garantendo qualit\u00e0 e durabilit\u00e0 dei nostri prodotti, aspetto che riteniamo sia fondamentale nel nostro settore.<\/p>\n\n\n\n<div class=\"wp-block-group\"><div class=\"wp-block-group__inner-container is-layout-constrained wp-block-group-is-layout-constrained\">\n<div style=\"height:100px\" aria-hidden=\"true\" class=\"wp-block-spacer\"><\/div>\n<\/div><\/div>\n\n\n\n<div class=\"wp-block-group alignfull has-background has-small-font-size\" style=\"background-color:#ececec\"><div class=\"wp-block-group__inner-container is-layout-constrained wp-block-group-is-layout-constrained\">\n<div style=\"height:100px\" aria-hidden=\"true\" class=\"wp-block-spacer\"><\/div>\n<\/div><\/div>\n\n\n\n<div class=\"wp-block-columns alignfull are-vertically-aligned-center has-background is-layout-flex wp-container-core-columns-is-layout-9d6595d7 wp-block-columns-is-layout-flex\" style=\"background-color:#052a41\">\n<div class=\"wp-block-column is-vertically-aligned-center is-layout-flow wp-block-column-is-layout-flow\">\n<div class=\"wp-block-columns is-layout-flex wp-container-core-columns-is-layout-9d6595d7 wp-block-columns-is-layout-flex\">\n<div class=\"wp-block-column is-vertically-aligned-top has-background is-layout-flow wp-block-column-is-layout-flow\" style=\"background-color:#eef2f6\">\n<div style=\"height:50px\" aria-hidden=\"true\" class=\"wp-block-spacer\"><\/div>\n\n\n\n<h2 class=\"has-text-align-center has-medium-font-size wp-block-heading\" style=\"text-transform:uppercase\">Montacarichi<\/h2>\n\n\n\n<div style=\"height:50px\" aria-hidden=\"true\" class=\"wp-block-spacer\"><\/div>\n\n\n\n<p class=\"has-text-align-center has-medium-font-size\" style=\"text-transform:none\">Impianti per il trasporto materiali e non solo personalizzabili per ogni esigenza.<\/p>\n\n\n\n<div style=\"height:85px\" aria-hidden=\"true\" class=\"wp-block-spacer\"><\/div>\n\n\n\n<div class=\"wp-block-buttons is-content-justification-center is-layout-flex wp-container-core-buttons-is-layout-16018d1d wp-block-buttons-is-layout-flex\">\n<div class=\"wp-block-button has-custom-font-size\" style=\"font-size:15px\"><a class=\"wp-block-button__link wp-element-button\">scopri &gt;<\/a><\/div>\n<\/div>\n\n\n\n<div style=\"height:20px\" aria-hidden=\"true\" class=\"wp-block-spacer\"><\/div>\n<\/div>\n\n\n\n<div class=\"wp-block-column is-vertically-aligned-top has-background has-medium-font-size is-layout-flow wp-block-column-is-layout-flow\" style=\"background-color:#eef2f6\">\n<div style=\"height:50px\" aria-hidden=\"true\" class=\"wp-block-spacer\"><\/div>\n\n\n\n<h1 class=\"has-text-align-center has-medium-font-size wp-block-heading\" style=\"text-transform:uppercase\">Montavivande<\/h1>\n\n\n\n<div style=\"height:50px\" aria-hidden=\"true\" class=\"wp-block-spacer\"><\/div>\n\n\n\n<p class=\"has-text-align-center\">Pensato e progettato per piccole merci o alimenti e istallabili anche in piccoli spazzi.<\/p>\n\n\n\n<div style=\"height:50px\" aria-hidden=\"true\" class=\"wp-block-spacer\"><\/div>\n\n\n\n<div style=\"height:38px\" aria-hidden=\"true\" class=\"wp-block-spacer\"><\/div>\n\n\n\n<div class=\"wp-block-buttons is-content-justification-center is-layout-flex wp-container-core-buttons-is-layout-16018d1d wp-block-buttons-is-layout-flex\">\n<div class=\"wp-block-button has-custom-font-size\" style=\"font-size:15px\"><a class=\"wp-block-button__link wp-element-button\" style=\"border-radius:100px\">scopri &gt;<\/a><\/div>\n<\/div>\n\n\n\n<div style=\"height:20px\" aria-hidden=\"true\" class=\"wp-block-spacer\"><\/div>\n<\/div>\n\n\n\n<div class=\"wp-block-column is-vertically-aligned-top has-background has-medium-font-size is-layout-flow wp-block-column-is-layout-flow\" style=\"background-color:#eef2f6\">\n<div style=\"height:50px\" aria-hidden=\"true\" class=\"wp-block-spacer\"><\/div>\n\n\n\n<h1 class=\"has-text-align-center has-medium-font-size wp-block-heading\" style=\"text-transform:uppercase\">ASCENSORI<\/h1>\n\n\n\n<div style=\"height:50px\" aria-hidden=\"true\" class=\"wp-block-spacer\"><\/div>\n\n\n\n<p class=\"has-text-align-center\">Ascensori per ogni tipo di edificio Elettrico, Idraulico, Standard o su misura.<\/p>\n\n\n\n<div style=\"height:90px\" aria-hidden=\"true\" class=\"wp-block-spacer\"><\/div>\n\n\n\n<div class=\"wp-block-buttons is-content-justification-center is-layout-flex wp-container-core-buttons-is-layout-16018d1d wp-block-buttons-is-layout-flex\">\n<div class=\"wp-block-button has-custom-font-size\" style=\"font-size:15px\"><a class=\"wp-block-button__link wp-element-button\" style=\"border-radius:100px\">scopri &gt;<\/a><\/div>\n<\/div>\n\n\n\n<div style=\"height:20px\" aria-hidden=\"true\" class=\"wp-block-spacer\"><\/div>\n<\/div>\n\n\n\n<div class=\"wp-block-column is-vertically-aligned-top has-background has-medium-font-size is-layout-flow wp-block-column-is-layout-flow\" style=\"background-color:#eef2f6\">\n<div style=\"height:50px\" aria-hidden=\"true\" class=\"wp-block-spacer\"><\/div>\n\n\n\n<h1 class=\"has-text-align-center has-medium-font-size wp-block-heading\" style=\"text-transform:uppercase\">HOME LIFT<\/h1>\n\n\n\n<div style=\"height:50px\" aria-hidden=\"true\" class=\"wp-block-spacer\"><\/div>\n\n\n\n<p class=\"has-text-align-center\">Impianti che possono essere una valida alternativa in contesti abitativi e non con spazzi e dislivelli ridotti.<\/p>\n\n\n\n<div style=\"height:50px\" aria-hidden=\"true\" class=\"wp-block-spacer\"><\/div>\n\n\n\n<div class=\"wp-block-buttons is-content-justification-center is-layout-flex wp-container-core-buttons-is-layout-16018d1d wp-block-buttons-is-layout-flex\">\n<div class=\"wp-block-button has-custom-font-size\" style=\"font-size:15px\"><a class=\"wp-block-button__link wp-element-button\" style=\"border-radius:100px\">scopri &gt;<\/a><\/div>\n<\/div>\n\n\n\n<div style=\"height:20px\" aria-hidden=\"true\" class=\"wp-block-spacer\"><\/div>\n<\/div>\n<\/div>\n<\/div>\n<\/div>\n\n\n\n<div class=\"wp-block-columns is-layout-flex wp-container-core-columns-is-layout-9d6595d7 wp-block-columns-is-layout-flex\"><\/div>\n\n\n\n<div style=\"height:100px\" aria-hidden=\"true\" class=\"wp-block-spacer\"><\/div>\n","protected":false},"excerpt":{"rendered":"<p>A.M.N. propone impianti sempre al passo con i tempi puntando sull&#8217;innovazione tecnologica che ci permette di rendere sempre pi\u00f9 efficienti i nostri impianti, eco-sostenibili e a basso consumo energetico. Tutti i nostri impianti sono personalizzabili e adattabili alle esigenze dei nostri clienti, sia a livello estetico che strutturale in modo da soddisfare non solo esigenze &hellip; <\/p>\n<p class=\"link-more\"><a href=\"https:\/\/amnascensori.com\/index.php\/prodotti\/\" class=\"more-link\">Read more<span class=\"screen-reader-text\"> &#8220;Prodotti&#8221;<\/span><\/a><\/p>\n","protected":false},"author":1,"featured_media":212,"parent":0,"menu_order":0,"comment_status":"closed","ping_status":"closed","template":"","meta":{"footnotes":""},"class_list":["post-101","page","type-page","status-publish","has-post-thumbnail","hentry"],"_links":{"self":[{"href":"https:\/\/amnascensori.com\/index.php\/wp-json\/wp\/v2\/pages\/101","targetHints":{"allow":["GET"]}}],"collection":[{"href":"https:\/\/amnascensori.com\/index.php\/wp-json\/wp\/v2\/pages"}],"about":[{"href":"https:\/\/amnascensori.com\/index.php\/wp-json\/wp\/v2\/types\/page"}],"author":[{"embeddable":true,"href":"https:\/\/amnascensori.com\/index.php\/wp-json\/wp\/v2\/users\/1"}],"replies":[{"embeddable":true,"href":"https:\/\/amnascensori.com\/index.php\/wp-json\/wp\/v2\/comments?post=101"}],"version-history":[{"count":56,"href":"https:\/\/amnascensori.com\/index.php\/wp-json\/wp\/v2\/pages\/101\/revisions"}],"predecessor-version":[{"id":213,"href":"https:\/\/amnascensori.com\/index.php\/wp-json\/wp\/v2\/pages\/101\/revisions\/213"}],"wp:featuredmedia":[{"embeddable":true,"href":"https:\/\/amnascensori.com\/index.php\/wp-json\/wp\/v2\/media\/212"}],"wp:attachment":[{"href":"https:\/\/amnascensori.com\/index.php\/wp-json\/wp\/v2\/media?parent=101"}],"curies":[{"name":"wp","href":"https:\/\/api.w.org\/{rel}","templated":true}]}}